{"id":249,"date":"2020-05-29T06:30:31","date_gmt":"2020-05-29T04:30:31","guid":{"rendered":"https:\/\/patisseriechapuis.fr\/?page_id=249"},"modified":"2025-08-20T17:28:20","modified_gmt":"2025-08-20T15:28:20","slug":"la-guerre-des-croquants","status":"publish","type":"page","link":"https:\/\/patisseriechapuis.fr\/index.php\/la-guerre-des-croquants\/","title":{"rendered":"La guerre des Croquants"},"content":{"rendered":"<p>[et_pb_section fb_built=\u00a0\u00bb1&Prime; fullwidth=\u00a0\u00bbon\u00a0\u00bb admin_label=\u00a0\u00bbCoffee Hero Section\u00a0\u00bb _builder_version=\u00a0\u00bb4.16&Prime; locked=\u00a0\u00bboff\u00a0\u00bb global_colors_info=\u00a0\u00bb{}\u00a0\u00bb][et_pb_fullwidth_header text_orientation=\u00a0\u00bbcenter\u00a0\u00bb logo_image_url=\u00a0\u00bbhttps:\/\/patisseriechapuis.fr\/wp-content\/uploads\/2020\/07\/LOGO-CROQ-1.png\u00a0\u00bb content_max_width_last_edited=\u00a0\u00bboff|desktop\u00a0\u00bb _builder_version=\u00a0\u00bb4.16&Prime; title_font=\u00a0\u00bbMontserrat|||on|||||\u00a0\u00bb title_text_align=\u00a0\u00bbcenter\u00a0\u00bb title_text_color=\u00a0\u00bb#ffffff\u00a0\u00bb title_font_size=\u00a0\u00bb72px\u00a0\u00bb title_letter_spacing=\u00a0\u00bb0.1em\u00a0\u00bb title_line_height=\u00a0\u00bb1.2em\u00a0\u00bb content_font=\u00a0\u00bbNunito||||||||\u00a0\u00bb content_text_color=\u00a0\u00bb#ffffff\u00a0\u00bb content_font_size=\u00a0\u00bb20px\u00a0\u00bb subhead_font=\u00a0\u00bbNunito|600|||||||\u00a0\u00bb subhead_font_size=\u00a0\u00bb20px\u00a0\u00bb subhead_line_height=\u00a0\u00bb1.9em\u00a0\u00bb background_color=\u00a0\u00bb#d6d6d6&Prime; background_image=\u00a0\u00bbhttps:\/\/patisseriechapuis.fr\/wp-content\/uploads\/2020\/07\/CROQ01.jpg\u00a0\u00bb background_blend=\u00a0\u00bbmultiply\u00a0\u00bb custom_button_one=\u00a0\u00bbon\u00a0\u00bb button_one_text_size=\u00a0\u00bb15px\u00a0\u00bb button_one_bg_color=\u00a0\u00bb#dca57d\u00a0\u00bb button_one_border_width=\u00a0\u00bb10px\u00a0\u00bb button_one_border_color=\u00a0\u00bb#dca57d\u00a0\u00bb button_one_border_radius=\u00a0\u00bb0px\u00a0\u00bb button_one_letter_spacing=\u00a0\u00bb3px\u00a0\u00bb button_one_font=\u00a0\u00bbOswald|||on|\u00a0\u00bb button_one_use_icon=\u00a0\u00bboff\u00a0\u00bb background_layout=\u00a0\u00bblight\u00a0\u00bb custom_margin=\u00a0\u00bb|||\u00a0\u00bb custom_padding=\u00a0\u00bb2.7%||2.6%|||\u00a0\u00bb animation_style=\u00a0\u00bbfade\u00a0\u00bb animation_starting_opacity=\u00a0\u00bb50%\u00a0\u00bb animation_speed_curve=\u00a0\u00bbease-in\u00a0\u00bb title_font_size_tablet=\u00a0\u00bb60px\u00a0\u00bb title_font_size_phone=\u00a0\u00bb40px\u00a0\u00bb title_font_size_last_edited=\u00a0\u00bbon|phone\u00a0\u00bb title_text_shadow_style=\u00a0\u00bbpreset2&Prime; content_text_shadow_style=\u00a0\u00bbpreset2&Prime; button_one_border_color_hover=\u00a0\u00bb#c99872&Prime; button_one_border_radius_hover=\u00a0\u00bb0px\u00a0\u00bb button_one_letter_spacing_hover=\u00a0\u00bb3px\u00a0\u00bb button_one_bg_color_hover=\u00a0\u00bb#c99872&Prime; global_colors_info=\u00a0\u00bb{}\u00a0\u00bb button_one_text_size__hover_enabled=\u00a0\u00bboff\u00a0\u00bb button_two_text_size__hover_enabled=\u00a0\u00bboff\u00a0\u00bb button_one_text_color__hover_enabled=\u00a0\u00bboff\u00a0\u00bb button_two_text_color__hover_enabled=\u00a0\u00bboff\u00a0\u00bb button_one_border_width__hover_enabled=\u00a0\u00bboff\u00a0\u00bb button_two_border_width__hover_enabled=\u00a0\u00bboff\u00a0\u00bb button_one_border_color__hover_enabled=\u00a0\u00bbon\u00a0\u00bb button_one_border_color__hover=\u00a0\u00bb#c99872&Prime; button_two_border_color__hover_enabled=\u00a0\u00bboff\u00a0\u00bb button_one_border_radius__hover_enabled=\u00a0\u00bbon\u00a0\u00bb button_one_border_radius__hover=\u00a0\u00bb0px\u00a0\u00bb button_two_border_radius__hover_enabled=\u00a0\u00bboff\u00a0\u00bb button_one_letter_spacing__hover_enabled=\u00a0\u00bbon\u00a0\u00bb button_one_letter_spacing__hover=\u00a0\u00bb3px\u00a0\u00bb button_two_letter_spacing__hover_enabled=\u00a0\u00bboff\u00a0\u00bb button_one_bg_color__hover_enabled=\u00a0\u00bbon\u00a0\u00bb button_one_bg_color__hover=\u00a0\u00bb#c99872&Prime; button_two_bg_color__hover_enabled=\u00a0\u00bboff\u00a0\u00bb][\/et_pb_fullwidth_header][\/et_pb_section][et_pb_section fb_built=\u00a0\u00bb1&Prime; admin_label=\u00a0\u00bbCoffee Menu\u00a0\u00bb _builder_version=\u00a0\u00bb4.16&Prime; background_color=\u00a0\u00bb#272830&Prime; custom_padding=\u00a0\u00bb0px|0px|14px|||\u00a0\u00bb locked=\u00a0\u00bboff\u00a0\u00bb global_colors_info=\u00a0\u00bb{}\u00a0\u00bb][et_pb_row _builder_version=\u00a0\u00bb4.16&Prime; global_colors_info=\u00a0\u00bb{}\u00a0\u00bb][et_pb_column type=\u00a0\u00bb4_4&Prime; _builder_version=\u00a0\u00bb4.16&Prime; global_colors_info=\u00a0\u00bb{}\u00a0\u00bb][et_pb_text _builder_version=\u00a0\u00bb4.16&Prime; text_font=\u00a0\u00bbIndie Flower||||||||\u00a0\u00bb text_text_color=\u00a0\u00bb#ffffff\u00a0\u00bb text_font_size=\u00a0\u00bb37px\u00a0\u00bb text_line_height=\u00a0\u00bb1.2em\u00a0\u00bb header_font=\u00a0\u00bb||||||||\u00a0\u00bb custom_margin=\u00a0\u00bb53px||39px|||\u00a0\u00bb animation_style=\u00a0\u00bbzoom\u00a0\u00bb global_colors_info=\u00a0\u00bb{}\u00a0\u00bb]<\/p>\n<p style=\"text-align: center;\">La Guerre des Croquants<br \/> Lequel de ces deux croquants va l&#8217;emporter ?<br \/> \u00e0 vous de les d\u00e9partager !<\/p>\n<p>[\/et_pb_text][\/et_pb_column][\/et_pb_row][et_pb_row column_structure=\u00a0\u00bb3_5,2_5&Prime; _builder_version=\u00a0\u00bb4.16&Prime; global_colors_info=\u00a0\u00bb{}\u00a0\u00bb][et_pb_column type=\u00a0\u00bb3_5&Prime; _builder_version=\u00a0\u00bb4.16&Prime; global_colors_info=\u00a0\u00bb{}\u00a0\u00bb][et_pb_image src=\u00a0\u00bbhttps:\/\/patisseriechapuis.fr\/wp-content\/uploads\/2020\/07\/CROQ11.jpg\u00a0\u00bb title_text=\u00a0\u00bbCROQ11&Prime; _builder_version=\u00a0\u00bb4.16&Prime; animation_style=\u00a0\u00bbfade\u00a0\u00bb global_colors_info=\u00a0\u00bb{}\u00a0\u00bb][\/et_pb_image][\/et_pb_column][et_pb_column type=\u00a0\u00bb2_5&Prime; _builder_version=\u00a0\u00bb4.16&Prime; global_colors_info=\u00a0\u00bb{}\u00a0\u00bb][et_pb_blurb title=\u00a0\u00bbMATHILDE OU GUILLAUME ?\u00a0\u00bb image_icon_width=\u00a0\u00bb280px\u00a0\u00bb _builder_version=\u00a0\u00bb4.27.3&Prime; header_font=\u00a0\u00bbMontserrat|900||on|||||\u00a0\u00bb header_text_align=\u00a0\u00bbright\u00a0\u00bb header_font_size=\u00a0\u00bb27px\u00a0\u00bb header_letter_spacing=\u00a0\u00bb2px\u00a0\u00bb header_line_height=\u00a0\u00bb1.2em\u00a0\u00bb body_font=\u00a0\u00bbOpen Sans||||||||\u00a0\u00bb body_text_align=\u00a0\u00bbcenter\u00a0\u00bb body_font_size=\u00a0\u00bb18px\u00a0\u00bb body_line_height=\u00a0\u00bb1.8em\u00a0\u00bb text_orientation=\u00a0\u00bbcenter\u00a0\u00bb background_layout=\u00a0\u00bbdark\u00a0\u00bb animation_style=\u00a0\u00bbfade\u00a0\u00bb animation=\u00a0\u00bbright\u00a0\u00bb hover_enabled=\u00a0\u00bb0&Prime; image_max_width=\u00a0\u00bb280px\u00a0\u00bb locked=\u00a0\u00bboff\u00a0\u00bb global_colors_info=\u00a0\u00bb{}\u00a0\u00bb sticky_enabled=\u00a0\u00bb0&Prime;]<\/p>\n<p style=\"text-align: right;\"><strong><\/strong><\/p>\n<p style=\"text-align: right;\"><strong><\/strong><\/p>\n<p style=\"text-align: right;\"><strong>Guillaume<\/strong>, aux <strong>p\u00e9pites de chocolat et noisettes ?<\/strong><\/p>\n<p style=\"text-align: right;\"><strong>Mathilde<\/strong> aux <strong>pralines roses et amandes ?<\/strong><\/p>\n<p style=\"text-align: right;\"><span style=\"text-decoration: underline; font-size: medium;\">disponible en boutique et \u00e0 l&rsquo;envoi<\/span><\/p>\n<p style=\"text-align: right;\"><em>contactez-nous pour l&rsquo;exp\u00e9dition de votre coffret !<\/em><\/p>\n<p>&nbsp;<\/p>\n<p>&nbsp;<\/p>\n<p>&nbsp;<\/p>\n<p>[\/et_pb_blurb][\/et_pb_column][\/et_pb_row][et_pb_row column_structure=\u00a0\u00bb1_3,1_3,1_3&Prime; use_custom_gutter=\u00a0\u00bbon\u00a0\u00bb gutter_width=\u00a0\u00bb1&Prime; make_equal=\u00a0\u00bbon\u00a0\u00bb admin_label=\u00a0\u00bbBest Beans Row\u00a0\u00bb module_class=\u00a0\u00bb et_pb_row_fullwidth\u00a0\u00bb _builder_version=\u00a0\u00bb4.16&Prime; width=\u00a0\u00bb100%\u00a0\u00bb width_tablet=\u00a0\u00bb100%\u00a0\u00bb width_phone=\u00a0\u00bb\u00a0\u00bb width_last_edited=\u00a0\u00bbon|desktop\u00a0\u00bb max_width=\u00a0\u00bb100%\u00a0\u00bb max_width_tablet=\u00a0\u00bb100%\u00a0\u00bb max_width_phone=\u00a0\u00bb\u00a0\u00bb max_width_last_edited=\u00a0\u00bbon|desktop\u00a0\u00bb custom_margin=\u00a0\u00bb|auto|-7px|auto||\u00a0\u00bb custom_padding=\u00a0\u00bb0px|0px|0px|0px||\u00a0\u00bb animation_style=\u00a0\u00bbfade\u00a0\u00bb make_fullwidth=\u00a0\u00bbon\u00a0\u00bb global_colors_info=\u00a0\u00bb{}\u00a0\u00bb][et_pb_column type=\u00a0\u00bb1_3&Prime; _builder_version=\u00a0\u00bb4.16&Prime; custom_padding=\u00a0\u00bb|||\u00a0\u00bb global_colors_info=\u00a0\u00bb{}\u00a0\u00bb custom_padding__hover=\u00a0\u00bb|||\u00a0\u00bb][et_pb_image src=\u00a0\u00bbhttps:\/\/patisseriechapuis.fr\/wp-content\/uploads\/2020\/07\/CROQ04.jpg\u00a0\u00bb title_text=\u00a0\u00bbCROQ04&Prime; force_fullwidth=\u00a0\u00bbon\u00a0\u00bb align_tablet=\u00a0\u00bbcenter\u00a0\u00bb align_phone=\u00a0\u00bb\u00a0\u00bb align_last_edited=\u00a0\u00bbon|desktop\u00a0\u00bb _builder_version=\u00a0\u00bb4.16&Prime; global_colors_info=\u00a0\u00bb{}\u00a0\u00bb][\/et_pb_image][\/et_pb_column][et_pb_column type=\u00a0\u00bb1_3&Prime; _builder_version=\u00a0\u00bb4.16&Prime; custom_padding=\u00a0\u00bb|||\u00a0\u00bb global_colors_info=\u00a0\u00bb{}\u00a0\u00bb custom_padding__hover=\u00a0\u00bb|||\u00a0\u00bb][et_pb_image src=\u00a0\u00bbhttps:\/\/patisseriechapuis.fr\/wp-content\/uploads\/2020\/07\/CROQ02.jpg\u00a0\u00bb title_text=\u00a0\u00bbCROQ02&Prime; force_fullwidth=\u00a0\u00bbon\u00a0\u00bb align_tablet=\u00a0\u00bbcenter\u00a0\u00bb align_phone=\u00a0\u00bb\u00a0\u00bb align_last_edited=\u00a0\u00bbon|desktop\u00a0\u00bb _builder_version=\u00a0\u00bb4.16&Prime; locked=\u00a0\u00bboff\u00a0\u00bb global_colors_info=\u00a0\u00bb{}\u00a0\u00bb][\/et_pb_image][\/et_pb_column][et_pb_column type=\u00a0\u00bb1_3&Prime; _builder_version=\u00a0\u00bb4.16&Prime; custom_padding=\u00a0\u00bb|||\u00a0\u00bb global_colors_info=\u00a0\u00bb{}\u00a0\u00bb custom_padding__hover=\u00a0\u00bb|||\u00a0\u00bb][et_pb_image src=\u00a0\u00bbhttps:\/\/patisseriechapuis.fr\/wp-content\/uploads\/2020\/07\/CROQ03.jpg\u00a0\u00bb title_text=\u00a0\u00bbCROQ03&Prime; force_fullwidth=\u00a0\u00bbon\u00a0\u00bb align_tablet=\u00a0\u00bbcenter\u00a0\u00bb align_phone=\u00a0\u00bb\u00a0\u00bb align_last_edited=\u00a0\u00bbon|desktop\u00a0\u00bb _builder_version=\u00a0\u00bb4.16&Prime; locked=\u00a0\u00bboff\u00a0\u00bb global_colors_info=\u00a0\u00bb{}\u00a0\u00bb][\/et_pb_image][\/et_pb_column][\/et_pb_row][\/et_pb_section][et_pb_section fb_built=\u00a0\u00bb1&Prime; admin_label=\u00a0\u00bbPastry Menu\u00a0\u00bb _builder_version=\u00a0\u00bb4.16&Prime; background_color=\u00a0\u00bb#272830&Prime; custom_padding=\u00a0\u00bb100px|0px|57px|||\u00a0\u00bb locked=\u00a0\u00bboff\u00a0\u00bb global_colors_info=\u00a0\u00bb{}\u00a0\u00bb][et_pb_row column_structure=\u00a0\u00bb1_3,2_3&Prime; _builder_version=\u00a0\u00bb4.16&Prime; hover_enabled=\u00a0\u00bb0&Prime; global_colors_info=\u00a0\u00bb{}\u00a0\u00bb sticky_enabled=\u00a0\u00bb0&Prime;][et_pb_column type=\u00a0\u00bb1_3&Prime; _builder_version=\u00a0\u00bb4.16&Prime; global_colors_info=\u00a0\u00bb{}\u00a0\u00bb][et_pb_blurb title=\u00a0\u00bbVous souhaitez devenir revendeur ?\u00a0\u00bb image_icon_width=\u00a0\u00bb280px\u00a0\u00bb _builder_version=\u00a0\u00bb4.27.3&Prime; header_font=\u00a0\u00bbMontserrat|900||on|||||\u00a0\u00bb header_text_align=\u00a0\u00bbleft\u00a0\u00bb header_font_size=\u00a0\u00bb27px\u00a0\u00bb header_letter_spacing=\u00a0\u00bb1px\u00a0\u00bb header_line_height=\u00a0\u00bb1.5em\u00a0\u00bb body_font=\u00a0\u00bbOpen Sans||||||||\u00a0\u00bb body_text_align=\u00a0\u00bbcenter\u00a0\u00bb body_font_size=\u00a0\u00bb18px\u00a0\u00bb body_line_height=\u00a0\u00bb1.8em\u00a0\u00bb text_orientation=\u00a0\u00bbcenter\u00a0\u00bb background_layout=\u00a0\u00bbdark\u00a0\u00bb custom_margin=\u00a0\u00bb||29px|||\u00a0\u00bb animation=\u00a0\u00bbleft\u00a0\u00bb hover_enabled=\u00a0\u00bb0&Prime; image_max_width=\u00a0\u00bb280px\u00a0\u00bb locked=\u00a0\u00bboff\u00a0\u00bb global_colors_info=\u00a0\u00bb{}\u00a0\u00bb sticky_enabled=\u00a0\u00bb0&Prime; width=\u00a0\u00bb100%\u00a0\u00bb custom_padding=\u00a0\u00bb|1px||||\u00a0\u00bb]<\/p>\n<p style=\"text-align: left;\"><em>\u00a0<\/em><\/p>\n<p style=\"text-align: left;\"><em>\u00c9picerie fine, biscuiterie, torr\u00e9facteur, boutiques de produits r\u00e9gionaux, <\/em><\/p>\n<p style=\"text-align: left;\"><strong style=\"font-size: 18px; text-align: left;\">rejoignez l&rsquo;\u00e9quipe des revendeurs de la guerre des Croquants en nous contactant <span style=\"text-decoration: underline;\">d\u00e8s maintenant<\/span> par mail<\/strong><span style=\"font-size: 18px; text-align: left;\"> <\/span><\/p>\n<p style=\"text-align: left;\"><span style=\"font-size: medium;\"><em><span style=\"text-align: left;\">et participez aux voyages de Guillaume et Mathilde \u00e0 travers le monde!<\/span><span style=\"text-align: left;\">\u00a0<\/span><\/em><\/span><\/p>\n<p><span style=\"font-size: medium;\"><em>#lesvoyagesdeguillaumeetmathilde<\/em><\/span><span style=\"font-size: 18px;\">\u00a0<\/span><\/p>\n<p>[\/et_pb_blurb][et_pb_button button_url=\u00a0\u00bbhttps:\/\/patisseriechapuis.fr\/index.php\/contact\/\u00a0\u00bb button_text=\u00a0\u00bbContactez-nous\u00a0\u00bb button_alignment=\u00a0\u00bbcenter\u00a0\u00bb _builder_version=\u00a0\u00bb4.16&Prime; custom_button=\u00a0\u00bbon\u00a0\u00bb button_text_size=\u00a0\u00bb15px\u00a0\u00bb button_text_color=\u00a0\u00bb#ffffff\u00a0\u00bb button_bg_color=\u00a0\u00bb#4bb15a\u00a0\u00bb button_border_width=\u00a0\u00bb10px\u00a0\u00bb button_border_color=\u00a0\u00bb#4bb15a\u00a0\u00bb button_border_radius=\u00a0\u00bb0px\u00a0\u00bb button_letter_spacing=\u00a0\u00bb3px\u00a0\u00bb button_font=\u00a0\u00bbMontserrat|||on|||||\u00a0\u00bb button_use_icon=\u00a0\u00bboff\u00a0\u00bb custom_margin=\u00a0\u00bb2px||48px|||\u00a0\u00bb animation_style=\u00a0\u00bbfade\u00a0\u00bb locked=\u00a0\u00bboff\u00a0\u00bb global_colors_info=\u00a0\u00bb{}\u00a0\u00bb button_bg_color__hover=\u00a0\u00bb#6b6b6b\u00a0\u00bb button_bg_color__hover_enabled=\u00a0\u00bbon|hover\u00a0\u00bb button_border_color__hover=\u00a0\u00bb#6b6b6b\u00a0\u00bb button_border_color__hover_enabled=\u00a0\u00bbon\u00a0\u00bb button_border_radius__hover=\u00a0\u00bb0px\u00a0\u00bb button_border_radius__hover_enabled=\u00a0\u00bbon\u00a0\u00bb button_letter_spacing__hover=\u00a0\u00bb3px\u00a0\u00bb button_letter_spacing__hover_enabled=\u00a0\u00bbon\u00a0\u00bb][\/et_pb_button][\/et_pb_column][et_pb_column type=\u00a0\u00bb2_3&Prime; _builder_version=\u00a0\u00bb4.16&Prime; global_colors_info=\u00a0\u00bb{}\u00a0\u00bb][et_pb_image src=\u00a0\u00bbhttps:\/\/patisseriechapuis.fr\/wp-content\/uploads\/2020\/07\/CROQ10-1.jpg\u00a0\u00bb title_text=\u00a0\u00bbCROQ10&Prime; _builder_version=\u00a0\u00bb4.16&Prime; animation_style=\u00a0\u00bbfade\u00a0\u00bb global_colors_info=\u00a0\u00bb{}\u00a0\u00bb width=\u00a0\u00bb99.9%\u00a0\u00bb custom_padding=\u00a0\u00bb|||0px||\u00a0\u00bb][\/et_pb_image][\/et_pb_column][\/et_pb_row][\/et_pb_section][et_pb_section fb_built=\u00a0\u00bb1&Prime; admin_label=\u00a0\u00bbGallery\u00a0\u00bb _builder_version=\u00a0\u00bb4.16&Prime; background_color_gradient_direction=\u00a0\u00bb90deg\u00a0\u00bb custom_padding=\u00a0\u00bb0px|0px|0px|0px\u00a0\u00bb locked=\u00a0\u00bboff\u00a0\u00bb global_colors_info=\u00a0\u00bb{}\u00a0\u00bb][et_pb_row column_structure=\u00a0\u00bb1_3,1_3,1_3&Prime; use_custom_gutter=\u00a0\u00bbon\u00a0\u00bb gutter_width=\u00a0\u00bb1&Prime; make_equal=\u00a0\u00bbon\u00a0\u00bb admin_label=\u00a0\u00bbBest Beans Row\u00a0\u00bb module_class=\u00a0\u00bb et_pb_row_fullwidth\u00a0\u00bb _builder_version=\u00a0\u00bb4.16&Prime; width=\u00a0\u00bb100%\u00a0\u00bb width_tablet=\u00a0\u00bb100%\u00a0\u00bb width_phone=\u00a0\u00bb\u00a0\u00bb width_last_edited=\u00a0\u00bbon|desktop\u00a0\u00bb max_width=\u00a0\u00bb100%\u00a0\u00bb max_width_tablet=\u00a0\u00bb100%\u00a0\u00bb max_width_phone=\u00a0\u00bb\u00a0\u00bb max_width_last_edited=\u00a0\u00bbon|desktop\u00a0\u00bb custom_margin=\u00a0\u00bb|||\u00a0\u00bb custom_padding=\u00a0\u00bb0px|0px|0px|0px\u00a0\u00bb make_fullwidth=\u00a0\u00bbon\u00a0\u00bb global_colors_info=\u00a0\u00bb{}\u00a0\u00bb][et_pb_column type=\u00a0\u00bb1_3&Prime; _builder_version=\u00a0\u00bb4.16&Prime; custom_padding=\u00a0\u00bb|||\u00a0\u00bb global_colors_info=\u00a0\u00bb{}\u00a0\u00bb custom_padding__hover=\u00a0\u00bb|||\u00a0\u00bb][et_pb_image src=\u00a0\u00bbhttps:\/\/patisseriechapuis.fr\/wp-content\/uploads\/2020\/07\/CROQ05.jpg\u00a0\u00bb title_text=\u00a0\u00bbCROQ05&Prime; force_fullwidth=\u00a0\u00bbon\u00a0\u00bb align_tablet=\u00a0\u00bbcenter\u00a0\u00bb align_phone=\u00a0\u00bb\u00a0\u00bb align_last_edited=\u00a0\u00bbon|desktop\u00a0\u00bb _builder_version=\u00a0\u00bb4.16&Prime; global_colors_info=\u00a0\u00bb{}\u00a0\u00bb][\/et_pb_image][\/et_pb_column][et_pb_column type=\u00a0\u00bb1_3&Prime; _builder_version=\u00a0\u00bb4.16&Prime; custom_padding=\u00a0\u00bb|||\u00a0\u00bb global_colors_info=\u00a0\u00bb{}\u00a0\u00bb custom_padding__hover=\u00a0\u00bb|||\u00a0\u00bb][et_pb_image src=\u00a0\u00bbhttps:\/\/patisseriechapuis.fr\/wp-content\/uploads\/2020\/07\/CROQ06.jpg\u00a0\u00bb title_text=\u00a0\u00bbCROQ06&Prime; force_fullwidth=\u00a0\u00bbon\u00a0\u00bb align_tablet=\u00a0\u00bbcenter\u00a0\u00bb align_phone=\u00a0\u00bb\u00a0\u00bb align_last_edited=\u00a0\u00bbon|desktop\u00a0\u00bb _builder_version=\u00a0\u00bb4.16&Prime; locked=\u00a0\u00bboff\u00a0\u00bb global_colors_info=\u00a0\u00bb{}\u00a0\u00bb][\/et_pb_image][\/et_pb_column][et_pb_column type=\u00a0\u00bb1_3&Prime; _builder_version=\u00a0\u00bb4.16&Prime; custom_padding=\u00a0\u00bb|||\u00a0\u00bb global_colors_info=\u00a0\u00bb{}\u00a0\u00bb custom_padding__hover=\u00a0\u00bb|||\u00a0\u00bb][et_pb_image src=\u00a0\u00bbhttps:\/\/patisseriechapuis.fr\/wp-content\/uploads\/2020\/07\/CROQ07.jpg\u00a0\u00bb title_text=\u00a0\u00bbCROQ07&Prime; force_fullwidth=\u00a0\u00bbon\u00a0\u00bb align_tablet=\u00a0\u00bbcenter\u00a0\u00bb align_phone=\u00a0\u00bb\u00a0\u00bb align_last_edited=\u00a0\u00bbon|desktop\u00a0\u00bb _builder_version=\u00a0\u00bb4.16&Prime; locked=\u00a0\u00bboff\u00a0\u00bb global_colors_info=\u00a0\u00bb{}\u00a0\u00bb][\/et_pb_image][\/et_pb_column][\/et_pb_row][\/et_pb_section]<\/p>\n","protected":false},"excerpt":{"rendered":"<p>La Guerre des Croquants Lequel de ces deux croquants va l&#8217;emporter ? \u00e0 vous de les d\u00e9partager ! Guillaume, aux p\u00e9pites de chocolat et noisettes ? Mathilde aux pralines roses et amandes ? disponible en boutique et \u00e0 l&rsquo;envoi contactez-nous pour l&rsquo;exp\u00e9dition de votre coffret ! &nbsp; &nbsp; &nbsp;\u00a0 \u00c9picerie fine, biscuiterie, torr\u00e9facteur, boutiques de [&hellip;]<\/p>\n","protected":false},"author":1,"featured_media":0,"parent":0,"menu_order":0,"comment_status":"closed","ping_status":"closed","template":"","meta":{"_et_pb_use_builder":"on","_et_pb_old_content":"","_et_gb_content_width":"","footnotes":""},"class_list":["post-249","page","type-page","status-publish","hentry"],"yoast_head":"<!-- This site is optimized with the Yoast SEO plugin v23.9 - https:\/\/yoast.com\/wordpress\/plugins\/seo\/ -->\n<title>La guerre des Croquants - P\u00e2tisserie chocolaterie Chapuis<\/title>\n<meta name=\"robots\" content=\"index, follow, max-snippet:-1, max-image-preview:large, max-video-preview:-1\" \/>\n<link rel=\"canonical\" href=\"https:\/\/patisseriechapuis.fr\/index.php\/la-guerre-des-croquants\/\" \/>\n<meta property=\"og:locale\" content=\"fr_FR\" \/>\n<meta property=\"og:type\" content=\"article\" \/>\n<meta property=\"og:title\" content=\"La guerre des Croquants - P\u00e2tisserie chocolaterie Chapuis\" \/>\n<meta property=\"og:description\" content=\"La Guerre des Croquants Lequel de ces deux croquants va l&#039;emporter ? \u00e0 vous de les d\u00e9partager ! Guillaume, aux p\u00e9pites de chocolat et noisettes ? Mathilde aux pralines roses et amandes ? disponible en boutique et \u00e0 l&#039;envoi contactez-nous pour l&#039;exp\u00e9dition de votre coffret ! &nbsp; &nbsp; &nbsp;\u00a0 \u00c9picerie fine, biscuiterie, torr\u00e9facteur, boutiques de [&hellip;]\" \/>\n<meta property=\"og:url\" content=\"https:\/\/patisseriechapuis.fr\/index.php\/la-guerre-des-croquants\/\" \/>\n<meta property=\"og:site_name\" content=\"P\u00e2tisserie chocolaterie Chapuis\" \/>\n<meta property=\"article:modified_time\" content=\"2025-08-20T15:28:20+00:00\" \/>\n<meta property=\"og:image\" content=\"https:\/\/patisseriechapuis.fr\/wp-content\/uploads\/2020\/02\/LOGO-CHAP.png\" \/>\n\t<meta property=\"og:image:width\" content=\"2533\" \/>\n\t<meta property=\"og:image:height\" content=\"1055\" \/>\n\t<meta property=\"og:image:type\" content=\"image\/png\" \/>\n<meta name=\"twitter:card\" content=\"summary_large_image\" \/>\n<meta name=\"twitter:label1\" content=\"Dur\u00e9e de lecture estim\u00e9e\" \/>\n\t<meta name=\"twitter:data1\" content=\"7 minutes\" \/>\n<script type=\"application\/ld+json\" class=\"yoast-schema-graph\">{\"@context\":\"https:\/\/schema.org\",\"@graph\":[{\"@type\":\"WebPage\",\"@id\":\"https:\/\/patisseriechapuis.fr\/index.php\/la-guerre-des-croquants\/\",\"url\":\"https:\/\/patisseriechapuis.fr\/index.php\/la-guerre-des-croquants\/\",\"name\":\"La guerre des Croquants - P\u00e2tisserie chocolaterie Chapuis\",\"isPartOf\":{\"@id\":\"https:\/\/patisseriechapuis.fr\/#website\"},\"datePublished\":\"2020-05-29T04:30:31+00:00\",\"dateModified\":\"2025-08-20T15:28:20+00:00\",\"breadcrumb\":{\"@id\":\"https:\/\/patisseriechapuis.fr\/index.php\/la-guerre-des-croquants\/#breadcrumb\"},\"inLanguage\":\"fr-FR\",\"potentialAction\":[{\"@type\":\"ReadAction\",\"target\":[\"https:\/\/patisseriechapuis.fr\/index.php\/la-guerre-des-croquants\/\"]}]},{\"@type\":\"BreadcrumbList\",\"@id\":\"https:\/\/patisseriechapuis.fr\/index.php\/la-guerre-des-croquants\/#breadcrumb\",\"itemListElement\":[{\"@type\":\"ListItem\",\"position\":1,\"name\":\"Accueil\",\"item\":\"https:\/\/patisseriechapuis.fr\/\"},{\"@type\":\"ListItem\",\"position\":2,\"name\":\"La guerre des Croquants\"}]},{\"@type\":\"WebSite\",\"@id\":\"https:\/\/patisseriechapuis.fr\/#website\",\"url\":\"https:\/\/patisseriechapuis.fr\/\",\"name\":\"P\u00e2tisserie chocolaterie Chapuis\",\"description\":\"\",\"potentialAction\":[{\"@type\":\"SearchAction\",\"target\":{\"@type\":\"EntryPoint\",\"urlTemplate\":\"https:\/\/patisseriechapuis.fr\/?s={search_term_string}\"},\"query-input\":{\"@type\":\"PropertyValueSpecification\",\"valueRequired\":true,\"valueName\":\"search_term_string\"}}],\"inLanguage\":\"fr-FR\"}]}<\/script>\n<!-- \/ Yoast SEO plugin. -->","yoast_head_json":{"title":"La guerre des Croquants - P\u00e2tisserie chocolaterie Chapuis","robots":{"index":"index","follow":"follow","max-snippet":"max-snippet:-1","max-image-preview":"max-image-preview:large","max-video-preview":"max-video-preview:-1"},"canonical":"https:\/\/patisseriechapuis.fr\/index.php\/la-guerre-des-croquants\/","og_locale":"fr_FR","og_type":"article","og_title":"La guerre des Croquants - P\u00e2tisserie chocolaterie Chapuis","og_description":"La Guerre des Croquants Lequel de ces deux croquants va l'emporter ? \u00e0 vous de les d\u00e9partager ! Guillaume, aux p\u00e9pites de chocolat et noisettes ? Mathilde aux pralines roses et amandes ? disponible en boutique et \u00e0 l'envoi contactez-nous pour l'exp\u00e9dition de votre coffret ! &nbsp; &nbsp; &nbsp;\u00a0 \u00c9picerie fine, biscuiterie, torr\u00e9facteur, boutiques de [&hellip;]","og_url":"https:\/\/patisseriechapuis.fr\/index.php\/la-guerre-des-croquants\/","og_site_name":"P\u00e2tisserie chocolaterie Chapuis","article_modified_time":"2025-08-20T15:28:20+00:00","og_image":[{"width":2533,"height":1055,"url":"https:\/\/patisseriechapuis.fr\/wp-content\/uploads\/2020\/02\/LOGO-CHAP.png","type":"image\/png"}],"twitter_card":"summary_large_image","twitter_misc":{"Dur\u00e9e de lecture estim\u00e9e":"7 minutes"},"schema":{"@context":"https:\/\/schema.org","@graph":[{"@type":"WebPage","@id":"https:\/\/patisseriechapuis.fr\/index.php\/la-guerre-des-croquants\/","url":"https:\/\/patisseriechapuis.fr\/index.php\/la-guerre-des-croquants\/","name":"La guerre des Croquants - P\u00e2tisserie chocolaterie Chapuis","isPartOf":{"@id":"https:\/\/patisseriechapuis.fr\/#website"},"datePublished":"2020-05-29T04:30:31+00:00","dateModified":"2025-08-20T15:28:20+00:00","breadcrumb":{"@id":"https:\/\/patisseriechapuis.fr\/index.php\/la-guerre-des-croquants\/#breadcrumb"},"inLanguage":"fr-FR","potentialAction":[{"@type":"ReadAction","target":["https:\/\/patisseriechapuis.fr\/index.php\/la-guerre-des-croquants\/"]}]},{"@type":"BreadcrumbList","@id":"https:\/\/patisseriechapuis.fr\/index.php\/la-guerre-des-croquants\/#breadcrumb","itemListElement":[{"@type":"ListItem","position":1,"name":"Accueil","item":"https:\/\/patisseriechapuis.fr\/"},{"@type":"ListItem","position":2,"name":"La guerre des Croquants"}]},{"@type":"WebSite","@id":"https:\/\/patisseriechapuis.fr\/#website","url":"https:\/\/patisseriechapuis.fr\/","name":"P\u00e2tisserie chocolaterie Chapuis","description":"","potentialAction":[{"@type":"SearchAction","target":{"@type":"EntryPoint","urlTemplate":"https:\/\/patisseriechapuis.fr\/?s={search_term_string}"},"query-input":{"@type":"PropertyValueSpecification","valueRequired":true,"valueName":"search_term_string"}}],"inLanguage":"fr-FR"}]}},"_links":{"self":[{"href":"https:\/\/patisseriechapuis.fr\/index.php\/wp-json\/wp\/v2\/pages\/249","targetHints":{"allow":["GET"]}}],"collection":[{"href":"https:\/\/patisseriechapuis.fr\/index.php\/wp-json\/wp\/v2\/pages"}],"about":[{"href":"https:\/\/patisseriechapuis.fr\/index.php\/wp-json\/wp\/v2\/types\/page"}],"author":[{"embeddable":true,"href":"https:\/\/patisseriechapuis.fr\/index.php\/wp-json\/wp\/v2\/users\/1"}],"replies":[{"embeddable":true,"href":"https:\/\/patisseriechapuis.fr\/index.php\/wp-json\/wp\/v2\/comments?post=249"}],"version-history":[{"count":22,"href":"https:\/\/patisseriechapuis.fr\/index.php\/wp-json\/wp\/v2\/pages\/249\/revisions"}],"predecessor-version":[{"id":1250,"href":"https:\/\/patisseriechapuis.fr\/index.php\/wp-json\/wp\/v2\/pages\/249\/revisions\/1250"}],"wp:attachment":[{"href":"https:\/\/patisseriechapuis.fr\/index.php\/wp-json\/wp\/v2\/media?parent=249"}],"curies":[{"name":"wp","href":"https:\/\/api.w.org\/{rel}","templated":true}]}}