{"id":111,"date":"2020-03-20T15:55:50","date_gmt":"2020-03-20T14:55:50","guid":{"rendered":"https:\/\/patisseriechapuis.fr\/?page_id=111"},"modified":"2021-09-28T16:53:16","modified_gmt":"2021-09-28T14:53:16","slug":"la-maison-chapuis","status":"publish","type":"page","link":"https:\/\/patisseriechapuis.fr\/index.php\/la-maison-chapuis\/","title":{"rendered":"LA MAISON CHAPUIS"},"content":{"rendered":"<p>[et_pb_section fb_built=\u00a0\u00bb1&Prime; admin_label=\u00a0\u00bbOur Team Section\u00a0\u00bb _builder_version=\u00a0\u00bb4.4.8&Prime; background_color=\u00a0\u00bb#f8f8f8&Prime; background_image=\u00a0\u00bbhttps:\/\/patisseriechapuis.fr\/wp-content\/uploads\/2020\/06\/HOME-SAISON-VINCENT.jpg\u00a0\u00bb parallax=\u00a0\u00bbon\u00a0\u00bb custom_padding=\u00a0\u00bb64px|0px|100px|0px||\u00a0\u00bb global_colors_info=\u00a0\u00bb{}\u00a0\u00bb][et_pb_row admin_label=\u00a0\u00bbSection Header\u00a0\u00bb _builder_version=\u00a0\u00bb3.25&Prime; module_alignment=\u00a0\u00bbcenter\u00a0\u00bb custom_padding=\u00a0\u00bb|||\u00a0\u00bb locked=\u00a0\u00bboff\u00a0\u00bb global_colors_info=\u00a0\u00bb{}\u00a0\u00bb][et_pb_column type=\u00a0\u00bb4_4&Prime; _builder_version=\u00a0\u00bb3.25&Prime; custom_padding=\u00a0\u00bb|||\u00a0\u00bb global_colors_info=\u00a0\u00bb{}\u00a0\u00bb custom_padding__hover=\u00a0\u00bb|||\u00a0\u00bb][et_pb_text admin_label=\u00a0\u00bbTittle\u00a0\u00bb _builder_version=\u00a0\u00bb4.4.8&Prime; text_font=\u00a0\u00bb||||||||\u00a0\u00bb header_font=\u00a0\u00bb||||||||\u00a0\u00bb header_2_font=\u00a0\u00bbMontserrat|||on|||||\u00a0\u00bb header_2_text_align=\u00a0\u00bbcenter\u00a0\u00bb header_2_font_size=\u00a0\u00bb46px\u00a0\u00bb header_2_letter_spacing=\u00a0\u00bb1px\u00a0\u00bb header_2_line_height=\u00a0\u00bb1.5em\u00a0\u00bb max_width=\u00a0\u00bb600px\u00a0\u00bb module_alignment=\u00a0\u00bbcenter\u00a0\u00bb custom_padding=\u00a0\u00bb||0px|||\u00a0\u00bb animation_style=\u00a0\u00bbfade\u00a0\u00bb global_colors_info=\u00a0\u00bb{}\u00a0\u00bb]<\/p>\n<h2>la p\u00e2tisserie chapuis<\/h2>\n<p>&nbsp;<\/p>\n<p>[\/et_pb_text][et_pb_text disabled_on=\u00a0\u00bboff|off|off\u00a0\u00bb admin_label=\u00a0\u00bbSubtittle\u00a0\u00bb _builder_version=\u00a0\u00bb3.27.4&Prime; text_font=\u00a0\u00bbNunito||||||||\u00a0\u00bb text_text_color=\u00a0\u00bb#787070&Prime; text_font_size=\u00a0\u00bb18px\u00a0\u00bb text_line_height=\u00a0\u00bb1.8em\u00a0\u00bb header_font=\u00a0\u00bbOswald||||\u00a0\u00bb header_font_size=\u00a0\u00bb16px\u00a0\u00bb header_letter_spacing=\u00a0\u00bb2px\u00a0\u00bb header_line_height=\u00a0\u00bb1.7em\u00a0\u00bb text_orientation=\u00a0\u00bbcenter\u00a0\u00bb max_width=\u00a0\u00bb600px\u00a0\u00bb max_width_tablet=\u00a0\u00bb\u00a0\u00bb max_width_phone=\u00a0\u00bb\u00a0\u00bb max_width_last_edited=\u00a0\u00bbon|phone\u00a0\u00bb module_alignment=\u00a0\u00bbcenter\u00a0\u00bb custom_margin=\u00a0\u00bb-64px|||||\u00a0\u00bb animation_style=\u00a0\u00bbfade\u00a0\u00bb animation_delay=\u00a0\u00bb100ms\u00a0\u00bb global_colors_info=\u00a0\u00bb{}\u00a0\u00bb]<\/p>\n<p>depuis 2011 \u00e0 Falaise<\/p>\n<p>[\/et_pb_text][\/et_pb_column][\/et_pb_row][et_pb_row column_structure=\u00a0\u00bb1_3,2_3&Prime; _builder_version=\u00a0\u00bb4.4.1&Prime; custom_margin=\u00a0\u00bb|auto|12px|auto||\u00a0\u00bb custom_padding=\u00a0\u00bb|||\u00a0\u00bb global_colors_info=\u00a0\u00bb{}\u00a0\u00bb][et_pb_column type=\u00a0\u00bb1_3&Prime; _builder_version=\u00a0\u00bb3.25&Prime; custom_padding=\u00a0\u00bb|||\u00a0\u00bb global_colors_info=\u00a0\u00bb{}\u00a0\u00bb custom_padding__hover=\u00a0\u00bb|||\u00a0\u00bb][et_pb_team_member image_url=\u00a0\u00bbhttps:\/\/patisseriechapuis.fr\/wp-content\/uploads\/2020\/03\/74912319_3127452697327582_7887421531721039872_o.jpg\u00a0\u00bb _builder_version=\u00a0\u00bb4.4.8&Prime; header_font=\u00a0\u00bbOswald|||on|\u00a0\u00bb header_font_size=\u00a0\u00bb20px\u00a0\u00bb header_letter_spacing=\u00a0\u00bb2px\u00a0\u00bb header_line_height=\u00a0\u00bb1.5em\u00a0\u00bb body_font=\u00a0\u00bbNunito||||\u00a0\u00bb body_text_align=\u00a0\u00bbleft\u00a0\u00bb body_font_size=\u00a0\u00bb16px\u00a0\u00bb body_line_height=\u00a0\u00bb1.8em\u00a0\u00bb text_orientation=\u00a0\u00bbcenter\u00a0\u00bb animation=\u00a0\u00bbleft\u00a0\u00bb box_shadow_style_image=\u00a0\u00bbpreset2&Prime; global_colors_info=\u00a0\u00bb{}\u00a0\u00bb][\/et_pb_team_member][\/et_pb_column][et_pb_column type=\u00a0\u00bb2_3&Prime; _builder_version=\u00a0\u00bb3.25&Prime; custom_padding=\u00a0\u00bb|||\u00a0\u00bb global_colors_info=\u00a0\u00bb{}\u00a0\u00bb custom_padding__hover=\u00a0\u00bb|||\u00a0\u00bb][et_pb_text _builder_version=\u00a0\u00bb4.4.8&Prime; text_font=\u00a0\u00bbOpen Sans||||||||\u00a0\u00bb header_2_font=\u00a0\u00bbMontserrat||||||||\u00a0\u00bb custom_margin=\u00a0\u00bb||40px|||\u00a0\u00bb animation_style=\u00a0\u00bbfade\u00a0\u00bb global_colors_info=\u00a0\u00bb{}\u00a0\u00bb]<\/p>\n<h2><span style=\"font-size: 26px;\">R\u00e9mi Chapuis<\/span><\/h2>\n<p>&nbsp;<\/p>\n<p>D&rsquo;origine vend\u00e9enne, R\u00e9mi Chapuis a commenc\u00e9 par passer son BTS h\u00f4tellerie restauration \u00e0 la Rochelle avant de poursuivre par une mention compl\u00e9mentaire p\u00e2tisserie \u00e0 Cap Breton. Apr\u00e8s cette formation sal\u00e9e et une exp\u00e9rience dans les cuisines de quelques palaces &#8211; les fr\u00e8res Ibarboure, le Palais \u00e0 Biarritz, Petrossian&#8230;\u00a0 la rencontre avec Philippe Conticini fait prendre un tournant d\u00e9finitivement sucr\u00e9 \u00e0 sa carri\u00e8re.<\/p>\n<p>C&rsquo;est en janvier 2010 qu&rsquo;il reprend avec son \u00e9pouse la p\u00e2tisserie Les Ducs \u00e0 Falaise qui devient par la suite la P\u00e2tisserie Chocolaterie Chapuis. Il vous propose une p\u00e2tisserie cuisin\u00e9e, peu sucr\u00e9e, gourmande et l\u00e9g\u00e8re, respectueuse des saisons et dont les accords de texture et les jeux de saveurs n&rsquo;ont qu&rsquo;un but: le plaisir du go\u00fbt!<\/p>\n<p>Intronis\u00e9 \u00e0 l&rsquo;Acad\u00e9mie Culinaire de France en 2014, R\u00e9mi Chapuis est s\u00e9lectionn\u00e9 par le Gault et Millau ainsi que le Bottin Gourmand comme l&rsquo;un des 110 meilleurs p\u00e2tissiers de France. En octobre 2019, il remporte le concours MAAF Go\u00fbt et Sant\u00e9. Le mois suivant, il fait partie des finalistes du concours Pr\u00e9sident Cr\u00e9ation et Saveurs.\u00a0<\/p>\n<p>Si R\u00e9mi Chapuis ma\u00eetrise les grands classiques de la p\u00e2tisserie fran\u00e7aise comme le Paris-Brest ou le St Honor\u00e9 qu&rsquo;il affectionne particuli\u00e8rement, il cr\u00e9e \u00e9galement de nouvelles associations qui lui sont propres.\u00a0 Ses tartes sont son espace de cr\u00e9ativit\u00e9 privil\u00e9gi\u00e9!\u00a0<\/p>\n<p>Entrez avec d\u00e9lice dans son univers gourmand!<\/p>\n<p>[\/et_pb_text][\/et_pb_column][\/et_pb_row][et_pb_row column_structure=\u00a0\u00bb1_6,1_6,1_6,1_6,1_6,1_6&Prime; _builder_version=\u00a0\u00bb4.4.8&Prime; animation_style=\u00a0\u00bbfade\u00a0\u00bb global_colors_info=\u00a0\u00bb{}\u00a0\u00bb][et_pb_column type=\u00a0\u00bb1_6&Prime; _builder_version=\u00a0\u00bb4.4.8&Prime; global_colors_info=\u00a0\u00bb{}\u00a0\u00bb][et_pb_image src=\u00a0\u00bbhttps:\/\/patisseriechapuis.fr\/wp-content\/uploads\/2020\/07\/44-ab3c-conf-patissiers-trophee.png\u00a0\u00bb title_text=\u00a0\u00bb44-ab3c-conf-patissiers-trophee\u00a0\u00bb _builder_version=\u00a0\u00bb4.4.8&Prime; global_colors_info=\u00a0\u00bb{}\u00a0\u00bb][\/et_pb_image][\/et_pb_column][et_pb_column type=\u00a0\u00bb1_6&Prime; _builder_version=\u00a0\u00bb4.4.8&Prime; global_colors_info=\u00a0\u00bb{}\u00a0\u00bb][et_pb_image src=\u00a0\u00bbhttps:\/\/patisseriechapuis.fr\/wp-content\/uploads\/2020\/07\/acad.png\u00a0\u00bb title_text=\u00a0\u00bbacad\u00a0\u00bb _builder_version=\u00a0\u00bb4.4.8&Prime; global_colors_info=\u00a0\u00bb{}\u00a0\u00bb][\/et_pb_image][\/et_pb_column][et_pb_column type=\u00a0\u00bb1_6&Prime; _builder_version=\u00a0\u00bb4.4.8&Prime; global_colors_info=\u00a0\u00bb{}\u00a0\u00bb][et_pb_image src=\u00a0\u00bbhttps:\/\/patisseriechapuis.fr\/wp-content\/uploads\/2020\/07\/838_gault_millau.png\u00a0\u00bb title_text=\u00a0\u00bb838_gault_millau\u00a0\u00bb _builder_version=\u00a0\u00bb4.4.8&Prime; global_colors_info=\u00a0\u00bb{}\u00a0\u00bb][\/et_pb_image][\/et_pb_column][et_pb_column type=\u00a0\u00bb1_6&Prime; _builder_version=\u00a0\u00bb4.4.8&Prime; global_colors_info=\u00a0\u00bb{}\u00a0\u00bb][et_pb_image src=\u00a0\u00bbhttps:\/\/patisseriechapuis.fr\/wp-content\/uploads\/2020\/07\/512x512bb.png\u00a0\u00bb title_text=\u00a0\u00bb512x512bb\u00a0\u00bb _builder_version=\u00a0\u00bb4.4.8&Prime; global_colors_info=\u00a0\u00bb{}\u00a0\u00bb][\/et_pb_image][\/et_pb_column][et_pb_column type=\u00a0\u00bb1_6&Prime; _builder_version=\u00a0\u00bb4.4.8&Prime; global_colors_info=\u00a0\u00bb{}\u00a0\u00bb][et_pb_image src=\u00a0\u00bbhttps:\/\/patisseriechapuis.fr\/wp-content\/uploads\/2020\/07\/logo-petit-fute-01.png\u00a0\u00bb title_text=\u00a0\u00bblogo-petit-fute-01&Prime; _builder_version=\u00a0\u00bb4.4.8&Prime; global_colors_info=\u00a0\u00bb{}\u00a0\u00bb][\/et_pb_image][\/et_pb_column][et_pb_column type=\u00a0\u00bb1_6&Prime; _builder_version=\u00a0\u00bb4.4.8&Prime; global_colors_info=\u00a0\u00bb{}\u00a0\u00bb][et_pb_image src=\u00a0\u00bbhttps:\/\/patisseriechapuis.fr\/wp-content\/uploads\/2020\/07\/LOGO-NQT-QT-2015-FOND-COULEUR.png\u00a0\u00bb title_text=\u00a0\u00bbLOGO-NQT-QT-2015-FOND-COULEUR\u00a0\u00bb align=\u00a0\u00bbcenter\u00a0\u00bb _builder_version=\u00a0\u00bb4.4.8&Prime; global_colors_info=\u00a0\u00bb{}\u00a0\u00bb][\/et_pb_image][\/et_pb_column][\/et_pb_row][\/et_pb_section][et_pb_section fb_built=\u00a0\u00bb1&Prime; _builder_version=\u00a0\u00bb4.10.8&Prime; _module_preset=\u00a0\u00bbdefault\u00a0\u00bb global_colors_info=\u00a0\u00bb{}\u00a0\u00bb][et_pb_row column_structure=\u00a0\u00bb1_2,1_2&Prime; _builder_version=\u00a0\u00bb4.10.8&Prime; _module_preset=\u00a0\u00bbdefault\u00a0\u00bb global_colors_info=\u00a0\u00bb{}\u00a0\u00bb][et_pb_column type=\u00a0\u00bb1_2&Prime; _builder_version=\u00a0\u00bb4.10.8&Prime; _module_preset=\u00a0\u00bbdefault\u00a0\u00bb global_colors_info=\u00a0\u00bb{}\u00a0\u00bb][et_pb_image src=\u00a0\u00bbhttps:\/\/patisseriechapuis.fr\/wp-content\/uploads\/2021\/09\/bout5.jpg\u00a0\u00bb title_text=\u00a0\u00bbbout5&Prime; _builder_version=\u00a0\u00bb4.10.8&Prime; _module_preset=\u00a0\u00bbdefault\u00a0\u00bb global_colors_info=\u00a0\u00bb{}\u00a0\u00bb][\/et_pb_image][\/et_pb_column][et_pb_column type=\u00a0\u00bb1_2&Prime; _builder_version=\u00a0\u00bb4.10.8&Prime; _module_preset=\u00a0\u00bbdefault\u00a0\u00bb global_colors_info=\u00a0\u00bb{}\u00a0\u00bb][et_pb_accordion _builder_version=\u00a0\u00bb4.10.8&Prime; _module_preset=\u00a0\u00bbdefault\u00a0\u00bb global_colors_info=\u00a0\u00bb{}\u00a0\u00bb][et_pb_accordion_item title=\u00a0\u00bbLA BOUTIQUE\u00a0\u00bb open=\u00a0\u00bbon\u00a0\u00bb _builder_version=\u00a0\u00bb4.10.8&Prime; _module_preset=\u00a0\u00bbdefault\u00a0\u00bb global_colors_info=\u00a0\u00bb{}\u00a0\u00bb]<\/p>\n<p>Nous vous accueillons dans notre univers d\u00e9di\u00e9 au go\u00fbt, aux saveurs et au respect des saisons !<\/p>\n<p>[\/et_pb_accordion_item][\/et_pb_accordion][et_pb_image src=\u00a0\u00bbhttps:\/\/patisseriechapuis.fr\/wp-content\/uploads\/2021\/09\/bout4.jpg\u00a0\u00bb title_text=\u00a0\u00bbbout4&Prime; _builder_version=\u00a0\u00bb4.10.8&Prime; _module_preset=\u00a0\u00bbdefault\u00a0\u00bb global_colors_info=\u00a0\u00bb{}\u00a0\u00bb][\/et_pb_image][\/et_pb_column][\/et_pb_row][et_pb_row column_structure=\u00a0\u00bb1_4,1_4,1_4,1_4&Prime; _builder_version=\u00a0\u00bb4.10.8&Prime; _module_preset=\u00a0\u00bbdefault\u00a0\u00bb global_colors_info=\u00a0\u00bb{}\u00a0\u00bb][et_pb_column type=\u00a0\u00bb1_4&Prime; _builder_version=\u00a0\u00bb4.10.8&Prime; _module_preset=\u00a0\u00bbdefault\u00a0\u00bb global_colors_info=\u00a0\u00bb{}\u00a0\u00bb][et_pb_image src=\u00a0\u00bbhttps:\/\/patisseriechapuis.fr\/wp-content\/uploads\/2021\/09\/bout2.jpg\u00a0\u00bb title_text=\u00a0\u00bbbout2&Prime; _builder_version=\u00a0\u00bb4.10.8&Prime; _module_preset=\u00a0\u00bbdefault\u00a0\u00bb global_colors_info=\u00a0\u00bb{}\u00a0\u00bb][\/et_pb_image][\/et_pb_column][et_pb_column type=\u00a0\u00bb1_4&Prime; _builder_version=\u00a0\u00bb4.10.8&Prime; _module_preset=\u00a0\u00bbdefault\u00a0\u00bb global_colors_info=\u00a0\u00bb{}\u00a0\u00bb][et_pb_image src=\u00a0\u00bbhttps:\/\/patisseriechapuis.fr\/wp-content\/uploads\/2021\/09\/bout3.jpg\u00a0\u00bb title_text=\u00a0\u00bbbout3&Prime; _builder_version=\u00a0\u00bb4.10.8&Prime; _module_preset=\u00a0\u00bbdefault\u00a0\u00bb global_colors_info=\u00a0\u00bb{}\u00a0\u00bb][\/et_pb_image][\/et_pb_column][et_pb_column type=\u00a0\u00bb1_4&Prime; _builder_version=\u00a0\u00bb4.10.8&Prime; _module_preset=\u00a0\u00bbdefault\u00a0\u00bb global_colors_info=\u00a0\u00bb{}\u00a0\u00bb][et_pb_image src=\u00a0\u00bbhttps:\/\/patisseriechapuis.fr\/wp-content\/uploads\/2021\/09\/bout1.jpg\u00a0\u00bb title_text=\u00a0\u00bbbout1&Prime; _builder_version=\u00a0\u00bb4.10.8&Prime; _module_preset=\u00a0\u00bbdefault\u00a0\u00bb global_colors_info=\u00a0\u00bb{}\u00a0\u00bb][\/et_pb_image][\/et_pb_column][et_pb_column type=\u00a0\u00bb1_4&Prime; _builder_version=\u00a0\u00bb4.10.8&Prime; _module_preset=\u00a0\u00bbdefault\u00a0\u00bb global_colors_info=\u00a0\u00bb{}\u00a0\u00bb][et_pb_image src=\u00a0\u00bbhttps:\/\/patisseriechapuis.fr\/wp-content\/uploads\/2021\/09\/PXL_20210928_144323009-scaled.jpg\u00a0\u00bb _builder_version=\u00a0\u00bb4.10.8&Prime; _module_preset=\u00a0\u00bbdefault\u00a0\u00bb title_text=\u00a0\u00bbPXL_20210928_144323009&Prime; hover_enabled=\u00a0\u00bb0&Prime; sticky_enabled=\u00a0\u00bb0&Prime;][\/et_pb_image][\/et_pb_column][\/et_pb_row][\/et_pb_section]<\/p>\n","protected":false},"excerpt":{"rendered":"<p>la p\u00e2tisserie chapuis &nbsp;depuis 2011 \u00e0 FalaiseR\u00e9mi Chapuis &nbsp; D&rsquo;origine vend\u00e9enne, R\u00e9mi Chapuis a commenc\u00e9 par passer son BTS h\u00f4tellerie restauration \u00e0 la Rochelle avant de poursuivre par une mention compl\u00e9mentaire p\u00e2tisserie \u00e0 Cap Breton. Apr\u00e8s cette formation sal\u00e9e et une exp\u00e9rience dans les cuisines de quelques palaces &#8211; les fr\u00e8res Ibarboure, le Palais \u00e0 [&hellip;]<\/p>\n","protected":false},"author":1,"featured_media":0,"parent":0,"menu_order":0,"comment_status":"closed","ping_status":"closed","template":"","meta":{"_et_pb_use_builder":"on","_et_pb_old_content":"","_et_gb_content_width":"","footnotes":""},"class_list":["post-111","page","type-page","status-publish","hentry"],"yoast_head":"<!-- This site is optimized with the Yoast SEO plugin v23.9 - https:\/\/yoast.com\/wordpress\/plugins\/seo\/ -->\n<title>LA MAISON CHAPUIS - P\u00e2tisserie chocolaterie Chapuis<\/title>\n<meta name=\"robots\" content=\"index, follow, max-snippet:-1, max-image-preview:large, max-video-preview:-1\" \/>\n<link rel=\"canonical\" href=\"https:\/\/patisseriechapuis.fr\/index.php\/la-maison-chapuis\/\" \/>\n<meta property=\"og:locale\" content=\"fr_FR\" \/>\n<meta property=\"og:type\" content=\"article\" \/>\n<meta property=\"og:title\" content=\"LA MAISON CHAPUIS - P\u00e2tisserie chocolaterie Chapuis\" \/>\n<meta property=\"og:description\" content=\"la p\u00e2tisserie chapuis &nbsp;depuis 2011 \u00e0 FalaiseR\u00e9mi Chapuis &nbsp; D&#039;origine vend\u00e9enne, R\u00e9mi Chapuis a commenc\u00e9 par passer son BTS h\u00f4tellerie restauration \u00e0 la Rochelle avant de poursuivre par une mention compl\u00e9mentaire p\u00e2tisserie \u00e0 Cap Breton. Apr\u00e8s cette formation sal\u00e9e et une exp\u00e9rience dans les cuisines de quelques palaces - les fr\u00e8res Ibarboure, le Palais \u00e0 [&hellip;]\" \/>\n<meta property=\"og:url\" content=\"https:\/\/patisseriechapuis.fr\/index.php\/la-maison-chapuis\/\" \/>\n<meta property=\"og:site_name\" content=\"P\u00e2tisserie chocolaterie Chapuis\" \/>\n<meta property=\"article:modified_time\" content=\"2021-09-28T14:53:16+00:00\" \/>\n<meta property=\"og:image\" content=\"https:\/\/patisseriechapuis.fr\/wp-content\/uploads\/2020\/02\/LOGO-CHAP.png\" \/>\n\t<meta property=\"og:image:width\" content=\"2533\" \/>\n\t<meta property=\"og:image:height\" content=\"1055\" \/>\n\t<meta property=\"og:image:type\" content=\"image\/png\" \/>\n<meta name=\"twitter:card\" content=\"summary_large_image\" \/>\n<meta name=\"twitter:label1\" content=\"Dur\u00e9e de lecture estim\u00e9e\" \/>\n\t<meta name=\"twitter:data1\" content=\"6 minutes\" \/>\n<script type=\"application\/ld+json\" class=\"yoast-schema-graph\">{\"@context\":\"https:\/\/schema.org\",\"@graph\":[{\"@type\":\"WebPage\",\"@id\":\"https:\/\/patisseriechapuis.fr\/index.php\/la-maison-chapuis\/\",\"url\":\"https:\/\/patisseriechapuis.fr\/index.php\/la-maison-chapuis\/\",\"name\":\"LA MAISON CHAPUIS - P\u00e2tisserie chocolaterie Chapuis\",\"isPartOf\":{\"@id\":\"https:\/\/patisseriechapuis.fr\/#website\"},\"datePublished\":\"2020-03-20T14:55:50+00:00\",\"dateModified\":\"2021-09-28T14:53:16+00:00\",\"breadcrumb\":{\"@id\":\"https:\/\/patisseriechapuis.fr\/index.php\/la-maison-chapuis\/#breadcrumb\"},\"inLanguage\":\"fr-FR\",\"potentialAction\":[{\"@type\":\"ReadAction\",\"target\":[\"https:\/\/patisseriechapuis.fr\/index.php\/la-maison-chapuis\/\"]}]},{\"@type\":\"BreadcrumbList\",\"@id\":\"https:\/\/patisseriechapuis.fr\/index.php\/la-maison-chapuis\/#breadcrumb\",\"itemListElement\":[{\"@type\":\"ListItem\",\"position\":1,\"name\":\"Accueil\",\"item\":\"https:\/\/patisseriechapuis.fr\/\"},{\"@type\":\"ListItem\",\"position\":2,\"name\":\"LA MAISON CHAPUIS\"}]},{\"@type\":\"WebSite\",\"@id\":\"https:\/\/patisseriechapuis.fr\/#website\",\"url\":\"https:\/\/patisseriechapuis.fr\/\",\"name\":\"P\u00e2tisserie chocolaterie Chapuis\",\"description\":\"\",\"potentialAction\":[{\"@type\":\"SearchAction\",\"target\":{\"@type\":\"EntryPoint\",\"urlTemplate\":\"https:\/\/patisseriechapuis.fr\/?s={search_term_string}\"},\"query-input\":{\"@type\":\"PropertyValueSpecification\",\"valueRequired\":true,\"valueName\":\"search_term_string\"}}],\"inLanguage\":\"fr-FR\"}]}<\/script>\n<!-- \/ Yoast SEO plugin. -->","yoast_head_json":{"title":"LA MAISON CHAPUIS - P\u00e2tisserie chocolaterie Chapuis","robots":{"index":"index","follow":"follow","max-snippet":"max-snippet:-1","max-image-preview":"max-image-preview:large","max-video-preview":"max-video-preview:-1"},"canonical":"https:\/\/patisseriechapuis.fr\/index.php\/la-maison-chapuis\/","og_locale":"fr_FR","og_type":"article","og_title":"LA MAISON CHAPUIS - P\u00e2tisserie chocolaterie Chapuis","og_description":"la p\u00e2tisserie chapuis &nbsp;depuis 2011 \u00e0 FalaiseR\u00e9mi Chapuis &nbsp; D'origine vend\u00e9enne, R\u00e9mi Chapuis a commenc\u00e9 par passer son BTS h\u00f4tellerie restauration \u00e0 la Rochelle avant de poursuivre par une mention compl\u00e9mentaire p\u00e2tisserie \u00e0 Cap Breton. Apr\u00e8s cette formation sal\u00e9e et une exp\u00e9rience dans les cuisines de quelques palaces - les fr\u00e8res Ibarboure, le Palais \u00e0 [&hellip;]","og_url":"https:\/\/patisseriechapuis.fr\/index.php\/la-maison-chapuis\/","og_site_name":"P\u00e2tisserie chocolaterie Chapuis","article_modified_time":"2021-09-28T14:53:16+00:00","og_image":[{"width":2533,"height":1055,"url":"https:\/\/patisseriechapuis.fr\/wp-content\/uploads\/2020\/02\/LOGO-CHAP.png","type":"image\/png"}],"twitter_card":"summary_large_image","twitter_misc":{"Dur\u00e9e de lecture estim\u00e9e":"6 minutes"},"schema":{"@context":"https:\/\/schema.org","@graph":[{"@type":"WebPage","@id":"https:\/\/patisseriechapuis.fr\/index.php\/la-maison-chapuis\/","url":"https:\/\/patisseriechapuis.fr\/index.php\/la-maison-chapuis\/","name":"LA MAISON CHAPUIS - P\u00e2tisserie chocolaterie Chapuis","isPartOf":{"@id":"https:\/\/patisseriechapuis.fr\/#website"},"datePublished":"2020-03-20T14:55:50+00:00","dateModified":"2021-09-28T14:53:16+00:00","breadcrumb":{"@id":"https:\/\/patisseriechapuis.fr\/index.php\/la-maison-chapuis\/#breadcrumb"},"inLanguage":"fr-FR","potentialAction":[{"@type":"ReadAction","target":["https:\/\/patisseriechapuis.fr\/index.php\/la-maison-chapuis\/"]}]},{"@type":"BreadcrumbList","@id":"https:\/\/patisseriechapuis.fr\/index.php\/la-maison-chapuis\/#breadcrumb","itemListElement":[{"@type":"ListItem","position":1,"name":"Accueil","item":"https:\/\/patisseriechapuis.fr\/"},{"@type":"ListItem","position":2,"name":"LA MAISON CHAPUIS"}]},{"@type":"WebSite","@id":"https:\/\/patisseriechapuis.fr\/#website","url":"https:\/\/patisseriechapuis.fr\/","name":"P\u00e2tisserie chocolaterie Chapuis","description":"","potentialAction":[{"@type":"SearchAction","target":{"@type":"EntryPoint","urlTemplate":"https:\/\/patisseriechapuis.fr\/?s={search_term_string}"},"query-input":{"@type":"PropertyValueSpecification","valueRequired":true,"valueName":"search_term_string"}}],"inLanguage":"fr-FR"}]}},"_links":{"self":[{"href":"https:\/\/patisseriechapuis.fr\/index.php\/wp-json\/wp\/v2\/pages\/111","targetHints":{"allow":["GET"]}}],"collection":[{"href":"https:\/\/patisseriechapuis.fr\/index.php\/wp-json\/wp\/v2\/pages"}],"about":[{"href":"https:\/\/patisseriechapuis.fr\/index.php\/wp-json\/wp\/v2\/types\/page"}],"author":[{"embeddable":true,"href":"https:\/\/patisseriechapuis.fr\/index.php\/wp-json\/wp\/v2\/users\/1"}],"replies":[{"embeddable":true,"href":"https:\/\/patisseriechapuis.fr\/index.php\/wp-json\/wp\/v2\/comments?post=111"}],"version-history":[{"count":23,"href":"https:\/\/patisseriechapuis.fr\/index.php\/wp-json\/wp\/v2\/pages\/111\/revisions"}],"predecessor-version":[{"id":857,"href":"https:\/\/patisseriechapuis.fr\/index.php\/wp-json\/wp\/v2\/pages\/111\/revisions\/857"}],"wp:attachment":[{"href":"https:\/\/patisseriechapuis.fr\/index.php\/wp-json\/wp\/v2\/media?parent=111"}],"curies":[{"name":"wp","href":"https:\/\/api.w.org\/{rel}","templated":true}]}}